{"id":9002,"date":"2026-02-18T00:09:23","date_gmt":"2026-02-17T21:09:23","guid":{"rendered":"https:\/\/memelgo.lt\/?page_id=9002"},"modified":"2026-02-18T00:12:00","modified_gmt":"2026-02-17T21:12:00","slug":"elementor-9002","status":"publish","type":"page","link":"https:\/\/memelgo.lt\/en\/elementor-9002\/","title":{"rendered":"Elementor #9002"},"content":{"rendered":"<div data-elementor-type=\"wp-page\" data-elementor-id=\"9002\" class=\"elementor elementor-9002\">\n\t\t\t\t<div class=\"elementor-element elementor-element-68dd05b e-flex e-con-boxed e-con e-parent\" data-id=\"68dd05b\" data-element_type=\"container\" data-e-type=\"container\">\n\t\t\t\t\t<div class=\"e-con-inner\">\n\t\t\t\t<div class=\"elementor-element elementor-element-d0ac882 elementor-widget elementor-widget-remons_elementor_product_search\" data-id=\"d0ac882\" data-element_type=\"widget\" data-e-type=\"widget\" data-widget_type=\"remons_elementor_product_search.default\">\n\t\t\t\t<div class=\"elementor-widget-container\">\n\t\t\t\t\t\n\t\t<div class=\"ova-product-search ovabrw_wd_search template2\">\n\t\t\t<form\n\t\t\t\tclass=\"product-search-form\t\t\t\tcolumn1\"\n\t\t\t\tmethod=\"GET\"\n\t\t\t\taction=\"https:\/\/memelgo.lt\/en\/\"\n\t\t\t\tautocomplete=\"off\"\n\t\t\t\tautocapitalize=\"none\" data-trp-original-action=\"https:\/\/memelgo.lt\/en\">\n\t\t\t\t<input type=\"hidden\" class=\"\" name=\"ovabrw_search_url\" value=\"https:\/\/memelgo.lt\/en\" placeholder=\"\"  \/>\t\t\t\t<div class=\"product-search-content wrap_content column1 arrow_black\">\n\t\t\t\t\t\t\t\t\t\t\t\t\t<div class=\"label_search ova-pickup-date\">\n\t\t\t\t\t\t\t\t\t<label class=\"field-label\">\n\t\t\t\t\t\t\t\t\t\tDate of withdrawal\t\t\t\t\t\t\t\t\t<\/label>\n\t\t\t\t\t\t\t\t\t<div class=\"input-with-icon\" style=\"position: relative;\">\n\t\t\t\t\t\t\t\t\t\t<input type=\"text\" id=\"ovabrw_ovabrw_pickup_date_1777573663_1306121005\" class=\"ovabrw_start_date ovabrw-datepicker-start\" name=\"pickup_date\" value=\"\" placeholder=\"Y-m-d\"  \/>\t\t\t\t\t\t\t\t\t\t<i class=\"ova-calendar ovaicon-calendar\"><\/i>\n\t\t\t\t\t\t\t\t\t<\/div>\n\t\t\t\t\t\t\t\t<\/div>\n\t\t\t\t\t\t\t\t\t\t\t\t\t\t\t\t<div class=\"label_search ova-category\">\n\t\t\t\t\t\t\t\t\t<label class=\"field-label\">\n\t\t\t\t\t\t\t\t\t\tSelect a category\t\t\t\t\t\t\t\t\t<\/label>\n\t\t\t\t\t\t\t\t\t<select  name='cat' id='cat' class='postform'>\n\t<option value='' selected='selected'>Select a category<\/option>\n\t<option class=\"level-0\" value=\"visi-automobiliai\">All cars<\/option>\n\t<option class=\"level-0\" value=\"ekonomine-klase\">Economic class<\/option>\n\t<option class=\"level-0\" value=\"vidutine-klase\">Middle class<\/option>\n\t<option class=\"level-0\" value=\"premium-klase\">Premium class<\/option>\n\t<option class=\"level-0\" value=\"xl-automobiliai\">XL cars<\/option>\n\t<option class=\"level-0\" value=\"am-automobiliai\">AM cars<\/option>\n\t<option class=\"level-0\" value=\"mikroautobusai\">Minibuses<\/option>\n<\/select>\n\t\t\t\t\t\t\t\t<\/div>\n\t\t\t\t\t\t\t\t\t\t\t\t\t\t\t\t<div class=\"label_search ova-pickup-location\">\n\t\t\t\t\t\t\t\t\t<label class=\"field-label\">\n\t\t\t\t\t\t\t\t\t\tPlace of collection\t\t\t\t\t\t\t\t\t<\/label>\n\t\t\t\t\t\t\t\t\t<select name=\"pickup_location\" class=\"\"><option value=\"\">Select Location<\/option><option value=\"Klaip\u0117da\" >Klaip\u0117da<\/option><option value=\"Palangos oro uostas\" >Palanga Airport<\/option><option value=\"Kauno oro uostas\" >Kaunas Airport<\/option><option value=\"Vilniaus oro uostas\" >Vilnius Airport<\/option><\/select>\t\t\t\t\t\t\t\t<\/div>\n\t\t\t\t\t\t\t\t\t\t\t\t\t\t\t\t<div class=\"label_search ova-dropoff-location\">\n\t\t\t\t\t\t\t\t\t<label class=\"field-label\">\n\t\t\t\t\t\t\t\t\t\tPlace of issue\t\t\t\t\t\t\t\t\t<\/label>\n\t\t\t\t\t\t\t\t\t<select name=\"dropoff_location\" class=\"\"><option value=\"\">Select Location<\/option><option value=\"Klaip\u0117da\" >Klaip\u0117da<\/option><option value=\"Palangos oro uostas\" >Palanga Airport<\/option><option value=\"Kauno oro uostas\" >Kaunas Airport<\/option><option value=\"Vilniaus oro uostas\" >Vilnius Airport<\/option><\/select>\t\t\t\t\t\t\t\t<\/div>\n\t\t\t\t\t\t\t\t\t\t\t\t\t\t\t\t<div class=\"label_search ova-pickup-date\">\n\t\t\t\t\t\t\t\t\t<label class=\"field-label\">\n\t\t\t\t\t\t\t\t\t\tDate of withdrawal\t\t\t\t\t\t\t\t\t<\/label>\n\t\t\t\t\t\t\t\t\t<div class=\"input-with-icon\" style=\"position: relative;\">\n\t\t\t\t\t\t\t\t\t\t<input type=\"text\" id=\"ovabrw_ovabrw_pickup_date_1777573663_1555929711\" class=\"ovabrw_start_date ovabrw-datepicker-start\" name=\"pickup_date\" value=\"\" placeholder=\"Y-m-d\"  \/>\t\t\t\t\t\t\t\t\t\t<i class=\"ova-calendar ovaicon-calendar\"><\/i>\n\t\t\t\t\t\t\t\t\t<\/div>\n\t\t\t\t\t\t\t\t<\/div>\n\t\t\t\t\t\t\t\t\t\t\t\t\t\t\t\t<div class=\"label_search ova-dropoff-date\">\n\t\t\t\t\t\t\t\t\t<label class=\"field-label\">\n\t\t\t\t\t\t\t\t\t\tRelease date\t\t\t\t\t\t\t\t\t<\/label>\n\t\t\t\t\t\t\t\t\t<div class=\"input-with-icon\" style=\"position: relative;\">\n\t\t\t\t\t\t\t\t\t\t<input type=\"text\" id=\"ovabrw_ovabrw_end_date_1777573663_998770652\" class=\"ovabrw_start_date ovabrw-datepicker-end\" name=\"dropoff_date\" value=\"\" placeholder=\"Y-m-d\"  \/>\t\t\t\t\t\t\t\t\t\t<i class=\"ova-calendar ovaicon-calendar\"><\/i>\n\t\t\t\t\t\t\t\t\t<\/div>\n\t\t\t\t\t\t\t\t<\/div>\n\t\t\t\t\t\t\t\t\t\t\t\t\t\t<div class=\"show_taxonomy\" data-show_taxonomy=\"\"><\/div>\n\t\t\t\t\t\t<input\n\t\t\t\t\t\t\ttype=\"hidden\"\n\t\t\t\t\t\t\tid=\"data_taxonomy_custom\"\n\t\t\t\t\t\t\tname=\"data_taxonomy_custom\"\n\t\t\t\t\t\t\tvalue=\"[]\"\n\t\t\t\t\t\t\/>\n\t\t\t\t\t\t\t\t\t<\/div>\n\t\t\t\t\t\t\t\t\t\t\t\t\t\t\t<div class=\"product-search-submit\">\n\t\t                    <button class=\"ovabrw_btn_submit\" type=\"submit\">\n\t\t                    \tFind your car\t\t                    \t\t\t                    <\/button>\n\t\t                <\/div>\n\t\t                <input type=\"hidden\" name=\"ovabrw_search\" value=\"search_item\" \/>\n\t\t                 \n\t\t\t<input type=\"hidden\" name=\"trp-form-language\" value=\"en\"\/><\/form>\n\t\t<\/div>\n\t\t\t\t\t\t<\/div>\n\t\t\t\t<\/div>\n\t\t\t\t<div class=\"elementor-element elementor-element-05fab78 elementor-widget elementor-widget-remons_elementor_product_search_ajax\" data-id=\"05fab78\" data-element_type=\"widget\" data-e-type=\"widget\" data-widget_type=\"remons_elementor_product_search_ajax.default\">\n\t\t\t\t<div class=\"elementor-widget-container\">\n\t\t\t\t\t\t\t\t<div class=\"ovabrw-product-search-ajax search-position-left\">\n\t\t\t\t<div class=\"ova-product-search ovabrw_wd_search\">\n\t\t\t\t\t<form\n\t\t\t\t\t\tclass=\"product-search-form\"\n\t\t\t\t\t\tmethod=\"POST\"\n\t\t\t\t\t\taction=\"\"\n\t\t\t\t\t\tautocomplete=\"off\"\n\t\t\t\t\t\tautocapitalize=\"none\" data-trp-original-action=\"\">\n\t\t\t\t\t\t<div class=\"product-search-content wrap_content column1\">\n\t\t\t\t\t\t\t<h2 class=\"search-heading\">\n\t\t\t\t\t\t\t\tCar search\t\t\t\t\t\t\t<\/h2>\n\t\t\t\t\t\t\t\t\t\t\t\t\t\t\t\t\t<div class=\"label_search ova-product-name\">\n\t\t\t\t\t\t\t\t\t\t\t<label class=\"field-label\">\n\t\t\t\t\t\t\t\t\t\t\t\tProduct name\t\t\t\t\t\t\t\t\t\t\t<\/label>\n\t\t\t\t\t\t\t\t\t\t\t<input\n\t\t\t\t\t\t\t\t\t\t\t\ttype=\"text\"\n\t\t\t\t\t\t\t\t\t\t\t\tname=\"product_name\"\n\t\t\t\t\t\t\t\t\t\t\t\tvalue=\"\"\n\t\t\t\t\t\t\t\t\t\t\t\tplaceholder=\"Product name\"\n\t\t\t\t\t\t\t\t\t\t\t\tautocomplete=\"off\"\n\t\t\t\t\t\t\t\t\t\t\t\tautocapitalize=\"none\"\n\t\t\t\t\t\t\t\t\t\t\t\/>\n\t\t\t\t\t\t\t\t\t\t<\/div>\n\t\t\t\t\t\t\t\t\t\t\t\t\t\t\t\t\t\t\t\t<div class=\"label_search ova-category\">\n\t\t\t\t\t\t\t\t\t\t\t<label class=\"field-label\">\n\t\t\t\t\t\t\t\t\t\t\t\tSelect a category\t\t\t\t\t\t\t\t\t\t\t<\/label>\n\t\t\t\t\t\t\t\t\t\t\t<select  name='cat' id='cat' class='postform'>\n\t<option value='' selected='selected'>Select a category<\/option>\n\t<option class=\"level-0\" value=\"visi-automobiliai\">All cars<\/option>\n\t<option class=\"level-0\" value=\"ekonomine-klase\">Economic class<\/option>\n\t<option class=\"level-0\" value=\"vidutine-klase\">Middle class<\/option>\n\t<option class=\"level-0\" value=\"premium-klase\">Premium class<\/option>\n\t<option class=\"level-0\" value=\"xl-automobiliai\">XL cars<\/option>\n\t<option class=\"level-0\" value=\"am-automobiliai\">AM cars<\/option>\n\t<option class=\"level-0\" value=\"mikroautobusai\">Minibuses<\/option>\n<\/select>\n\t\t\t\t\t\t\t\t\t\t<\/div>\n\t\t\t\t\t\t\t\t\t\t\t\t\t\t\t\t\t\t\t\t<div class=\"label_search ova-pickup-location\">\n\t\t\t\t\t\t\t\t\t\t\t<label class=\"field-label\">\n\t\t\t\t\t\t\t\t\t\t\t\tPlace of collection\t\t\t\t\t\t\t\t\t\t\t<\/label>\n\t\t\t\t\t\t\t\t\t\t\t<select name=\"pickup_location\" class=\"\"><option value=\"\">Select Location<\/option><option value=\"Klaip\u0117da\" >Klaip\u0117da<\/option><option value=\"Palangos oro uostas\" >Palanga Airport<\/option><option value=\"Kauno oro uostas\" >Kaunas Airport<\/option><option value=\"Vilniaus oro uostas\" >Vilnius Airport<\/option><\/select>\t\t\t\t\t\t\t\t\t\t<\/div>\n\t\t\t\t\t\t\t\t\t\t\t\t\t\t\t\t\t\t\t\t<div class=\"label_search ova-dropoff-location\">\n\t\t\t\t\t\t\t\t\t\t\t<label class=\"field-label\">\n\t\t\t\t\t\t\t\t\t\t\t\tPlace of issue\t\t\t\t\t\t\t\t\t\t\t<\/label>\n\t\t\t\t\t\t\t\t\t\t\t<select name=\"dropoff_location\" class=\"\"><option value=\"\">Select Location<\/option><option value=\"Klaip\u0117da\" >Klaip\u0117da<\/option><option value=\"Palangos oro uostas\" >Palanga Airport<\/option><option value=\"Kauno oro uostas\" >Kaunas Airport<\/option><option value=\"Vilniaus oro uostas\" >Vilnius Airport<\/option><\/select>\t\t\t\t\t\t\t\t\t\t<\/div>\n\t\t\t\t\t\t\t\t\t\t\t\t\t\t\t\t\t\t\t\t<div class=\"label_search ova-pickup-date\">\n\t\t\t\t\t\t\t\t\t\t\t<label class=\"field-label\">\n\t\t\t\t\t\t\t\t\t\t\t\tDate of withdrawal\t\t\t\t\t\t\t\t\t\t\t<\/label>\n\t\t\t\t\t\t\t\t\t\t\t<div class=\"input-with-icon\" style=\"position: relative;\">\n\t\t\t\t\t\t\t\t\t\t\t\t<input type=\"text\" id=\"ovabrw_ovabrw_pickup_date_1777573663_1370536177\" class=\"ovabrw_start_date ovabrw-datepicker-start\" name=\"pickup_date\" value=\"\" placeholder=\"Y-m-d\"  \/>\t\t\t\t\t\t\t\t\t\t\t\t<i class=\"ova-calendar ovaicon-calendar\"><\/i>\n\t\t\t\t\t\t\t\t\t\t\t<\/div>\n\t\t\t\t\t\t\t\t\t\t<\/div>\n\t\t\t\t\t\t\t\t\t\t\t\t\t\t\t\t\t\t\t\t<div class=\"label_search ova-dropoff-date\">\n\t\t\t\t\t\t\t\t\t\t\t<label class=\"field-label\">\n\t\t\t\t\t\t\t\t\t\t\t\tRelease date\t\t\t\t\t\t\t\t\t\t\t<\/label>\n\t\t\t\t\t\t\t\t\t\t\t<div class=\"input-with-icon\" style=\"position: relative;\">\n\t\t\t\t\t\t\t\t\t\t\t\t<input type=\"text\" id=\"ovabrw_ovabrw_dropoff_date_1777573663_581689794\" class=\"ovabrw_end_date ovabrw-datepicker-end\" name=\"dropoff_date\" value=\"\" placeholder=\"Y-m-d\"  \/>\t\t\t\t\t\t\t\t\t\t\t\t<i class=\"ova-calendar ovaicon-calendar\"><\/i>\n\t\t\t\t\t\t\t\t\t\t\t<\/div>\n\t\t\t\t\t\t\t\t\t\t<\/div>\n\t\t\t\t\t\t\t\t\t\t\t\t\t\t\t\t\t\t<div class=\"show_taxonomy\" data-show_taxonomy=\"\"><\/div>\n\t\t\t\t\t\t\t\t<input\n\t\t\t\t\t\t\t\t\ttype=\"hidden\"\n\t\t\t\t\t\t\t\t\tid=\"data_taxonomy_custom\"\n\t\t\t\t\t\t\t\t\tname=\"data_taxonomy_custom\"\n\t\t\t\t\t\t\t\t\tvalue=\"[]\"\n\t\t\t\t\t\t\t\t\/>\n\t\t\t\t\t\t\t\n\t\t\t\t\t\t\t<div class=\"product-search-submit\">\n\t\t\t                    <button class=\"ovabrw_btn_submit\" type=\"submit\">\n\t\t\t                    \tFind your car\t\t\t                    \t\t\t\t                    <\/button>\n\t\t\t                <\/div>\n\n\t\t\t\t            \t\t\t\t\t\t<\/div>      \n\t\t\t\t\t<input type=\"hidden\" name=\"trp-form-language\" value=\"en\"\/><\/form>\n\t\t\t\t<\/div>\n\n\t\t\t\t<div class=\"wrap_search_result\">\n\t\t\t\t\t\t\t\t\t\t\t<div class=\"wrap_search_filter\">\n\t\t\t\t\t\t\t\t\t\t\t\t\t\t\t<div class=\"results_found\">\n\t\t\t\t\t\t\t\t\t\t\t\t\t\t\t\t\t\t<span>\n\t\t\t\t\t\t\t\t\t\t26 Results Found\t\t\t\t\t\t\t\t\t<\/span>\n\t\t\t\t\t\t\t\t\t\n\t\t\t\t\t\t\t\t\t\t\t\t\t\t\t\t\t\t\t<span>\n\t\t\t\t\t\t\t\t\t\t\t(Showing 1-12)\t\t\t\t\t\t\t\t\t\t<\/span>\n\t\t\t\t\t\t\t\t\t\t\t\t\t\t\t\t\t<\/div>\n\t\t\t\t\t\t\t\n\t\t\t\t\t\t\t\t\t\t\t\t\t\t\t<div id=\"search_sort\">\n\t\t\t\t\t\t\t\t\t\t\t\t\t\t\t\t\t\t<select name=\"sort\">\n\t\t\t\t\t\t\t\t\t\t<option value=\"\">Sort By<\/option>\n\t\t\t\t\t\t\t\t\t\t<option value=\"date-desc\" selected='selected'>\n\t\t\t\t\t\t\t\t\t\t\tNewest First\t\t\t\t\t\t\t\t\t\t<\/option>\n\t\t\t\t\t\t\t\t\t\t<option value=\"date-asc\">\n\t\t\t\t\t\t\t\t\t\t\tOldest First\t\t\t\t\t\t\t\t\t\t<\/option>\n\t\t\t\t\t\t\t\t\t\t\t\t\t\t\t\t\t\t\t\t<option value=\"a-z\" >\n\t\t\t\t\t\t\t\t\t\t\tA-Z\t\t\t\t\t\t\t\t\t\t<\/option>\n\t\t\t\t\t\t\t\t\t\t<option value=\"z-a\"  >\n\t\t\t\t\t\t\t\t\t\t\tZ-A\t\t\t\t\t\t\t\t\t\t<\/option>\n\t\t\t\t\t\t\t\t\t<\/select>\n\t\t\t\t\t\t\t\t<\/div>\n\t\t\t\t\t\t\t\t\t\t\t\t\t<\/div>\n\t\t\t\t\t\n\t\t\t\t\t<!-- Radius -->\n\t\t\t\t\t<div class=\"wrap_search_radius\" \n\t\t\t\t\t\tdata-map_range_radius=\"50\" \n\t\t\t\t\t\tdata-map_range_radius_min=\"0\" \n\t\t\t\t\t\tdata-map_range_radius_max=\"100\">\n\t\t\t\t\t\t<span>Radius:<\/span>\n\t\t\t\t\t\t<span class=\"result_radius\">\n\t\t\t\t\t\t\t50\t\t\t\t\t\t\tkm\t\t\t\t\t\t<div id=\"wrap_pointer\"><\/div>\n\t\t\t\t\t\t<input\n\t\t\t\t\t\t\ttype=\"hidden\"\n\t\t\t\t\t\t\tvalue=\"\"\n\t\t\t\t\t\t\tname=\"radius\"\n\t\t\t\t\t\t\/>\n\t\t\t\t\t<\/div>\n\t\t\t\t\t<!-- End Radius -->\n\n\t\t\t\t\t<!-- Load more -->\n\t\t\t\t\t<div class=\"wrap_load_more\" style=\"display: none;\">\n\t\t\t\t\t\t<svg class=\"loader\" width=\"50\" height=\"50\">\n\t\t\t\t\t\t\t<circle cx=\"25\" cy=\"25\" r=\"10\" stroke=\"#FF3726\"\/>\n\t\t\t\t\t\t\t<circle cx=\"25\" cy=\"25\" r=\"20\" stroke=\"#FF3726\"\/>\n\t\t\t\t\t\t<\/svg>\n\t\t\t\t\t<\/div>\n\n\t\t\t\t\t<!-- Search result -->\n\t\t\t\t\t<div\n\t\t\t\t\t\tid=\"search_result\"\n\t\t\t\t\t\tclass=\"search_result\"\n\t\t\t\t\t\tdata-card=\"card1\"\n\t\t\t\t\t\tdata-column=\"two-column\"\n\t\t\t\t\t\tdata-order=\"DESC\"\n\t\t\t\t\t\tdata-orderby=\"date\"\n\t\t\t\t\t\tdata-per_page=\"12\"\n\t\t\t\t\t\tdata-lat=\"39.177972\"\n\t\t\t\t\t\tdata-lng=\"-100.36375\"\n\t\t\t\t\t>\n\t\t\t\t\t\t\t\t\t\t\t\t\t\t<div class=\"ovabrw_pagination_ajax\">\n\t\t\t\t\t\t\t\t<ul><li><span data-paged=\"1\" class=\"prev page-numbers current\" >1<\/span><\/li><li><span data-paged=\"2\" class=\"prev page-numbers\" >2<\/span><\/li><li><span data-paged=\"3\" class=\"prev page-numbers\" >3<\/span><\/li><li><span data-paged=\"2\" class=\"next page-numbers\" >Next<\/span><\/li>\t\t\t\t\t\t\t\t<\/div>\n\t\t\t\t\t\t\t\t\t\t\t\t\t<\/div>\n\t\t\t\t<\/div>\n\t\t\t<\/div>\n\t\t\t\t\t\t<\/div>\n\t\t\t\t<\/div>\n\t\t\t\t\t<\/div>\n\t\t\t\t<\/div>\n\t\t\t\t<\/div>","protected":false},"excerpt":{"rendered":"<p>Pa\u0117mimo data Pasirinkite kategorij\u0105 Pasirinkite kategorij\u0105Visi automobiliaiEkonomin\u0117 klas\u0117Vidutin\u0117 klas\u0117Premium klas\u0117XL automobiliaiAM automobiliaiMikroautobusai Pa\u0117mimo vieta Select LocationKlaip\u0117daPalangos oro uostasKauno oro uostasVilniaus oro uostas I\u0161leidimo vieta Select LocationKlaip\u0117daPalangos oro uostasKauno oro uostasVilniaus oro uostas Pa\u0117mimo data I\u0161leidimo data Raskite automobil\u012f Automobilio paie\u0161ka Produkto pavadinimas Pasirinkite kategorij\u0105 Pasirinkite kategorij\u0105Visi automobiliaiEkonomin\u0117 klas\u0117Vidutin\u0117 klas\u0117Premium klas\u0117XL automobiliaiAM automobiliaiMikroautobusai Pa\u0117mimo vieta Select [&hellip;]<\/p>\n","protected":false},"author":1,"featured_media":0,"parent":0,"menu_order":0,"comment_status":"closed","ping_status":"closed","template":"","meta":{"_monsterinsights_skip_tracking":false,"_monsterinsights_sitenote_active":false,"_monsterinsights_sitenote_note":"","_monsterinsights_sitenote_category":0,"_uf_show_specific_survey":0,"_uf_disable_surveys":false,"footnotes":""},"class_list":["post-9002","page","type-page","status-publish","hentry"],"aioseo_notices":[],"_links":{"self":[{"href":"https:\/\/memelgo.lt\/en\/wp-json\/wp\/v2\/pages\/9002","targetHints":{"allow":["GET"]}}],"collection":[{"href":"https:\/\/memelgo.lt\/en\/wp-json\/wp\/v2\/pages"}],"about":[{"href":"https:\/\/memelgo.lt\/en\/wp-json\/wp\/v2\/types\/page"}],"author":[{"embeddable":true,"href":"https:\/\/memelgo.lt\/en\/wp-json\/wp\/v2\/users\/1"}],"replies":[{"embeddable":true,"href":"https:\/\/memelgo.lt\/en\/wp-json\/wp\/v2\/comments?post=9002"}],"version-history":[{"count":6,"href":"https:\/\/memelgo.lt\/en\/wp-json\/wp\/v2\/pages\/9002\/revisions"}],"predecessor-version":[{"id":9008,"href":"https:\/\/memelgo.lt\/en\/wp-json\/wp\/v2\/pages\/9002\/revisions\/9008"}],"wp:attachment":[{"href":"https:\/\/memelgo.lt\/en\/wp-json\/wp\/v2\/media?parent=9002"}],"curies":[{"name":"wp","href":"https:\/\/api.w.org\/{rel}","templated":true}]}}