{"id":1213,"date":"2023-10-31T04:07:43","date_gmt":"2023-10-31T04:07:43","guid":{"rendered":"https:\/\/memelgo.lt\/?page_id=1213"},"modified":"2026-02-11T14:02:55","modified_gmt":"2026-02-11T11:02:55","slug":"automobiliai","status":"publish","type":"page","link":"https:\/\/memelgo.lt\/uk\/automobiliai\/","title":{"rendered":"\u041c\u0430\u0448\u0438\u043d\u0438"},"content":{"rendered":"<div data-elementor-type=\"wp-page\" data-elementor-id=\"1213\" class=\"elementor elementor-1213\">\n\t\t\t\t<div class=\"elementor-element elementor-element-ae78e8b e-flex e-con-boxed e-con e-parent\" data-id=\"ae78e8b\" data-element_type=\"container\" data-e-type=\"container\">\n\t\t\t\t\t<div class=\"e-con-inner\">\n\t\t\t\t<div class=\"elementor-element elementor-element-a07aae0 elementor-widget elementor-widget-remons_elementor_product_search_ajax\" data-id=\"a07aae0\" data-element_type=\"widget\" data-e-type=\"widget\" data-widget_type=\"remons_elementor_product_search_ajax.default\">\n\t\t\t\t<div class=\"elementor-widget-container\">\n\t\t\t\t\t\t\t\t<div class=\"ovabrw-product-search-ajax search-position-left\">\n\t\t\t\t<div class=\"ova-product-search ovabrw_wd_search\">\n\t\t\t\t\t<form\n\t\t\t\t\t\tclass=\"product-search-form\"\n\t\t\t\t\t\tmethod=\"POST\"\n\t\t\t\t\t\taction=\"\"\n\t\t\t\t\t\tautocomplete=\"off\"\n\t\t\t\t\t\tautocapitalize=\"none\" data-trp-original-action=\"\">\n\t\t\t\t\t\t<div class=\"product-search-content wrap_content column1\">\n\t\t\t\t\t\t\t<h2 class=\"search-heading\">\n\t\t\t\t\t\t\t\t\u041f\u043e\u0448\u0443\u043a \u0430\u0432\u0442\u043e\u043c\u043e\u0431\u0456\u043b\u0456\u0432\t\t\t\t\t\t\t<\/h2>\n\t\t\t\t\t\t\t\t\t\t\t\t\t\t\t\t\t<div class=\"label_search ova-pickup-date\">\n\t\t\t\t\t\t\t\t\t\t\t<label class=\"field-label\">\n\t\t\t\t\t\t\t\t\t\t\t\t\u0414\u0430\u0442\u0430 \u0432\u0438\u0432\u0435\u0434\u0435\u043d\u043d\u044f \u043a\u043e\u0448\u0442\u0456\u0432\t\t\t\t\t\t\t\t\t\t\t<\/label>\n\t\t\t\t\t\t\t\t\t\t\t<div class=\"input-with-icon\" style=\"position: relative;\">\n\t\t\t\t\t\t\t\t\t\t\t\t<input type=\"text\" id=\"ovabrw_ovabrw_pickup_date_1776410564_38292362\" class=\"ovabrw_start_date ovabrw-datetimepicker-start\" name=\"pickup_date\" value=\"\" placeholder=\"\u0420-\u043c-\u0434 H:i\"  \/>\t\t\t\t\t\t\t\t\t\t\t\t<i class=\"ova-calendar ovaicon-calendar\"><\/i>\n\t\t\t\t\t\t\t\t\t\t\t<\/div>\n\t\t\t\t\t\t\t\t\t\t<\/div>\n\t\t\t\t\t\t\t\t\t\t\t\t\t\t\t\t\t\t\t\t<div class=\"label_search ova-dropoff-date\">\n\t\t\t\t\t\t\t\t\t\t\t<label class=\"field-label\">\n\t\t\t\t\t\t\t\t\t\t\t\t\u0414\u0430\u0442\u0430 \u043f\u043e\u0432\u0435\u0440\u043d\u0435\u043d\u043d\u044f\t\t\t\t\t\t\t\t\t\t\t<\/label>\n\t\t\t\t\t\t\t\t\t\t\t<div class=\"input-with-icon\" style=\"position: relative;\">\n\t\t\t\t\t\t\t\t\t\t\t\t<input type=\"text\" id=\"ovabrw_ovabrw_dropoff_date_1776410564_1740904138\" class=\"ovabrw_end_date ovabrw-datetimepicker-end\" name=\"dropoff_date\" value=\"\" placeholder=\"\u0420-\u043c-\u0434 H:i\"  \/>\t\t\t\t\t\t\t\t\t\t\t\t<i class=\"ova-calendar ovaicon-calendar\"><\/i>\n\t\t\t\t\t\t\t\t\t\t\t<\/div>\n\t\t\t\t\t\t\t\t\t\t<\/div>\n\t\t\t\t\t\t\t\t\t\t\t\t\t\t\t\t\t\t\t\t<div class=\"label_search ova-category\">\n\t\t\t\t\t\t\t\t\t\t\t<label class=\"field-label\">\n\t\t\t\t\t\t\t\t\t\t\t\t\u041a\u0430\u0442\u0435\u0433\u043e\u0440\u0456\u044f\t\t\t\t\t\t\t\t\t\t\t<\/label>\n\t\t\t\t\t\t\t\t\t\t\t<select  name='cat' id='cat' class='postform'>\n\t<option value=''>\u041e\u0431\u0438\u0440\u0430\u0439\u0442\u0435<\/option>\n\t<option class=\"level-0\" value=\"visi-automobiliai\">\u0423\u0441\u0456\u043c \u043c\u0430\u0448\u0438\u043d\u0430\u043c<\/option>\n\t<option class=\"level-0\" value=\"ekonomine-klase\">\u0415\u043a\u043e\u043d\u043e\u043c\u0456\u0447\u043d\u0438\u0439 \u043a\u043b\u0430\u0441<\/option>\n\t<option class=\"level-0\" value=\"vidutine-klase\">\u0421\u0435\u0440\u0435\u0434\u043d\u0456\u0439 \u043a\u043b\u0430\u0441<\/option>\n\t<option class=\"level-0\" value=\"premium-klase\">\u041f\u0440\u0435\u043c\u0456\u0443\u043c-\u043a\u043b\u0430\u0441<\/option>\n\t<option class=\"level-0\" value=\"xl-automobiliai\">\u0410\u0432\u0442\u043e\u043c\u043e\u0431\u0456\u043b\u0456 XL<\/option>\n\t<option class=\"level-0\" value=\"am-automobiliai\">\u0410\u0432\u0442\u043e\u043c\u043e\u0431\u0456\u043b\u0456 AM<\/option>\n\t<option class=\"level-0\" value=\"mikroautobusai\">\u041c\u0456\u043a\u0440\u043e\u0430\u0432\u0442\u043e\u0431\u0443\u0441\u0438<\/option>\n<\/select>\n\t\t\t\t\t\t\t\t\t\t<\/div>\n\t\t\t\t\t\t\t\t\t\t\t\t\t\t\t\t\t\t\t\t<div class=\"label_search ova-pickup-location\">\n\t\t\t\t\t\t\t\t\t\t\t<label class=\"field-label\">\n\t\t\t\t\t\t\t\t\t\t\t\t\u041c\u0456\u0441\u0446\u0435 \u0437\u0431\u043e\u0440\u0443\t\t\t\t\t\t\t\t\t\t\t<\/label>\n\t\t\t\t\t\t\t\t\t\t\t<select name=\"pickup_location\" class=\"\"><option value=\"\">\u0412\u0438\u0431\u0435\u0440\u0456\u0442\u044c \u043c\u0456\u0441\u0446\u0435\u0437\u043d\u0430\u0445\u043e\u0434\u0436\u0435\u043d\u043d\u044f<\/option><option value=\"Klaip\u0117da\" >\u041a\u043b\u0430\u0439\u043f\u0435\u0434\u0430<\/option><option value=\"Palangos oro uostas\" >\u0410\u0435\u0440\u043e\u043f\u043e\u0440\u0442 \u041f\u0430\u043b\u0430\u043d\u0433\u0430<\/option><option value=\"Kauno oro uostas\" >\u0410\u0435\u0440\u043e\u043f\u043e\u0440\u0442 \u041a\u0430\u0443\u043d\u0430\u0441<\/option><option value=\"Vilniaus oro uostas\" >\u0410\u0435\u0440\u043e\u043f\u043e\u0440\u0442 \u0412\u0456\u043b\u044c\u043d\u044e\u0441\u0430<\/option><\/select>\t\t\t\t\t\t\t\t\t\t<\/div>\n\t\t\t\t\t\t\t\t\t\t\t\t\t\t\t\t\t\t\t\t<div class=\"label_search ova-dropoff-location\">\n\t\t\t\t\t\t\t\t\t\t\t<label class=\"field-label\">\n\t\t\t\t\t\t\t\t\t\t\t\t\u0414\u0430\u0442\u0430 \u043f\u043e\u0432\u0435\u0440\u043d\u0435\u043d\u043d\u044f\t\t\t\t\t\t\t\t\t\t\t<\/label>\n\t\t\t\t\t\t\t\t\t\t\t<select name=\"dropoff_location\" class=\"\"><option value=\"\">\u0412\u0438\u0431\u0435\u0440\u0456\u0442\u044c \u043c\u0456\u0441\u0446\u0435\u0437\u043d\u0430\u0445\u043e\u0434\u0436\u0435\u043d\u043d\u044f<\/option><option value=\"Klaip\u0117da\" >\u041a\u043b\u0430\u0439\u043f\u0435\u0434\u0430<\/option><option value=\"Palangos oro uostas\" >\u0410\u0435\u0440\u043e\u043f\u043e\u0440\u0442 \u041f\u0430\u043b\u0430\u043d\u0433\u0430<\/option><option value=\"Kauno oro uostas\" >\u0410\u0435\u0440\u043e\u043f\u043e\u0440\u0442 \u041a\u0430\u0443\u043d\u0430\u0441<\/option><option value=\"Vilniaus oro uostas\" >\u0410\u0435\u0440\u043e\u043f\u043e\u0440\u0442 \u0412\u0456\u043b\u044c\u043d\u044e\u0441\u0430<\/option><\/select>\t\t\t\t\t\t\t\t\t\t<\/div>\n\t\t\t\t\t\t\t\t\t\t\t\t\t\t\t\t\t\t<div class=\"show_taxonomy\" data-show_taxonomy=\"\"><\/div>\n\t\t\t\t\t\t\t\t<input\n\t\t\t\t\t\t\t\t\ttype=\"hidden\"\n\t\t\t\t\t\t\t\t\tid=\"data_taxonomy_custom\"\n\t\t\t\t\t\t\t\t\tname=\"data_taxonomy_custom\"\n\t\t\t\t\t\t\t\t\tvalue=\"[]\"\n\t\t\t\t\t\t\t\t\/>\n\t\t\t\t\t\t\t\n\t\t\t\t\t\t\t<div class=\"product-search-submit\">\n\t\t\t                    <button class=\"ovabrw_btn_submit\" type=\"submit\">\n\t\t\t                    \t\u041f\u041e\u0428\u0423\u041a\t\t\t                    \t\t\t\t                    <\/button>\n\t\t\t                <\/div>\n\n\t\t\t\t            \t\t\t\t\t\t<\/div>      \n\t\t\t\t\t<input type=\"hidden\" name=\"trp-form-language\" value=\"uk\"\/><\/form>\n\t\t\t\t<\/div>\n\n\t\t\t\t<div class=\"wrap_search_result\">\n\t\t\t\t\t\t\t\t\t\t\t<div class=\"wrap_search_filter\">\n\t\t\t\t\t\t\t\t\t\t\t\t\t\t\t<div class=\"results_found\">\n\t\t\t\t\t\t\t\t\t\t\t\t\t\t\t\t\t\t<span>\n\t\t\t\t\t\t\t\t\t\t\u0417\u043d\u0430\u0439\u0434\u0435\u043d\u043e 23 \u0440\u0435\u0437\u0443\u043b\u044c\u0442\u0430\u0442\u0456\u0432\t\t\t\t\t\t\t\t\t<\/span>\n\t\t\t\t\t\t\t\t\t\n\t\t\t\t\t\t\t\t\t\t\t\t\t\t\t\t\t\t\t<span>\n\t\t\t\t\t\t\t\t\t\t\t(\u041f\u043e\u043a\u0430\u0437\u0430\u043d\u043e 1-10)\t\t\t\t\t\t\t\t\t\t<\/span>\n\t\t\t\t\t\t\t\t\t\t\t\t\t\t\t\t\t<\/div>\n\t\t\t\t\t\t\t\n\t\t\t\t\t\t\t\t\t\t\t\t\t\t\t<div id=\"search_sort\">\n\t\t\t\t\t\t\t\t\t\t\t\t\t\t\t\t\t\t<select name=\"sort\">\n\t\t\t\t\t\t\t\t\t\t<option value=\"\">\u0421\u043e\u0440\u0442\u0443\u0432\u0430\u0442\u0438 \u0437\u0430<\/option>\n\t\t\t\t\t\t\t\t\t\t<option value=\"date-desc\" selected='selected'>\n\t\t\t\t\t\t\t\t\t\t\t\u0421\u043f\u043e\u0447\u0430\u0442\u043a\u0443 \u043d\u043e\u0432\u0456\u0448\u0456\t\t\t\t\t\t\t\t\t\t<\/option>\n\t\t\t\t\t\t\t\t\t\t<option value=\"date-asc\">\n\t\t\t\t\t\t\t\t\t\t\t\u0421\u043f\u043e\u0447\u0430\u0442\u043a\u0443 \u043d\u0430\u0439\u0441\u0442\u0430\u0440\u0456\u0448\u0456\t\t\t\t\t\t\t\t\t\t<\/option>\n\t\t\t\t\t\t\t\t\t\t\t\t\t\t\t\t\t\t\t\t<option value=\"a-z\" >\n\t\t\t\t\t\t\t\t\t\t\t\u0410-\u042f\t\t\t\t\t\t\t\t\t\t<\/option>\n\t\t\t\t\t\t\t\t\t\t<option value=\"z-a\"  >\n\t\t\t\t\t\t\t\t\t\t\t\u042f-\u0410\t\t\t\t\t\t\t\t\t\t<\/option>\n\t\t\t\t\t\t\t\t\t<\/select>\n\t\t\t\t\t\t\t\t<\/div>\n\t\t\t\t\t\t\t\t\t\t\t\t\t<\/div>\n\t\t\t\t\t\n\t\t\t\t\t<!-- Radius -->\n\t\t\t\t\t<div class=\"wrap_search_radius\" \n\t\t\t\t\t\tdata-map_range_radius=\"50\" \n\t\t\t\t\t\tdata-map_range_radius_min=\"0\" \n\t\t\t\t\t\tdata-map_range_radius_max=\"100\">\n\t\t\t\t\t\t<span>\u0420\u0430\u0434\u0456\u0443\u0441:<\/span>\n\t\t\t\t\t\t<span class=\"result_radius\">\n\t\t\t\t\t\t\t50\t\t\t\t\t\t\t\u043a\u043c\t\t\t\t\t\t<div id=\"wrap_pointer\"><\/div>\n\t\t\t\t\t\t<input\n\t\t\t\t\t\t\ttype=\"hidden\"\n\t\t\t\t\t\t\tvalue=\"\"\n\t\t\t\t\t\t\tname=\"radius\"\n\t\t\t\t\t\t\/>\n\t\t\t\t\t<\/div>\n\t\t\t\t\t<!-- End Radius -->\n\n\t\t\t\t\t<!-- Load more -->\n\t\t\t\t\t<div class=\"wrap_load_more\" style=\"display: none;\">\n\t\t\t\t\t\t<svg class=\"loader\" width=\"50\" height=\"50\">\n\t\t\t\t\t\t\t<circle cx=\"25\" cy=\"25\" r=\"10\" stroke=\"#FF3726\"\/>\n\t\t\t\t\t\t\t<circle cx=\"25\" cy=\"25\" r=\"20\" stroke=\"#FF3726\"\/>\n\t\t\t\t\t\t<\/svg>\n\t\t\t\t\t<\/div>\n\n\t\t\t\t\t<!-- Search result -->\n\t\t\t\t\t<div\n\t\t\t\t\t\tid=\"search_result\"\n\t\t\t\t\t\tclass=\"search_result\"\n\t\t\t\t\t\tdata-card=\"card1\"\n\t\t\t\t\t\tdata-column=\"two-column\"\n\t\t\t\t\t\tdata-order=\"DESC\"\n\t\t\t\t\t\tdata-orderby=\"date\"\n\t\t\t\t\t\tdata-per_page=\"10\"\n\t\t\t\t\t\tdata-lat=\"39.177972\"\n\t\t\t\t\t\tdata-lng=\"-100.36375\"\n\t\t\t\t\t>\n\t\t\t\t\t\t\t\t\t\t\t\t\t\t<div class=\"ovabrw_pagination_ajax\">\n\t\t\t\t\t\t\t\t<ul><li><span data-paged=\"1\" class=\"prev page-numbers current\" >1<\/span><\/li><li><span data-paged=\"2\" class=\"prev page-numbers\" >2<\/span><\/li><li><span data-paged=\"3\" class=\"prev page-numbers\" >3<\/span><\/li><li><span data-paged=\"2\" class=\"next page-numbers\" >\u0414\u0430\u043b\u0456<\/span><\/li>\t\t\t\t\t\t\t\t<\/div>\n\t\t\t\t\t\t\t\t\t\t\t\t\t<\/div>\n\t\t\t\t<\/div>\n\t\t\t<\/div>\n\t\t\t\t\t\t<\/div>\n\t\t\t\t<\/div>\n\t\t\t\t\t<\/div>\n\t\t\t\t<\/div>\n\t\t\t\t<\/div>","protected":false},"excerpt":{"rendered":"<p>Automobilio Paie\u0161ka Pa\u0117mimo data Gr\u0105\u017einimo data Kategorija PasirinkiteVisi automobiliaiEkonomin\u0117 klas\u0117Vidutin\u0117 klas\u0117Premium klas\u0117XL automobiliaiAM automobiliaiMikroautobusai Pa\u0117mimo vieta Select LocationKlaip\u0117daPalangos oro uostasKauno oro uostasVilniaus oro uostas Gr\u0105\u017einimo data Select LocationKlaip\u0117daPalangos oro uostasKauno oro uostasVilniaus oro uostas IE\u0160KOTI 23 Results Found (Showing 1-10) Sort By Newest First Oldest First A-Z Z-A Radius: 50 km 1 2 3 Next<\/p>","protected":false},"author":1,"featured_media":0,"parent":0,"menu_order":0,"comment_status":"closed","ping_status":"closed","template":"elementor_header_footer","meta":{"_monsterinsights_skip_tracking":false,"_monsterinsights_sitenote_active":false,"_monsterinsights_sitenote_note":"","_monsterinsights_sitenote_category":0,"_uf_show_specific_survey":0,"_uf_disable_surveys":false,"footnotes":""},"class_list":["post-1213","page","type-page","status-publish","hentry"],"aioseo_notices":[],"_links":{"self":[{"href":"https:\/\/memelgo.lt\/uk\/wp-json\/wp\/v2\/pages\/1213","targetHints":{"allow":["GET"]}}],"collection":[{"href":"https:\/\/memelgo.lt\/uk\/wp-json\/wp\/v2\/pages"}],"about":[{"href":"https:\/\/memelgo.lt\/uk\/wp-json\/wp\/v2\/types\/page"}],"author":[{"embeddable":true,"href":"https:\/\/memelgo.lt\/uk\/wp-json\/wp\/v2\/users\/1"}],"replies":[{"embeddable":true,"href":"https:\/\/memelgo.lt\/uk\/wp-json\/wp\/v2\/comments?post=1213"}],"version-history":[{"count":64,"href":"https:\/\/memelgo.lt\/uk\/wp-json\/wp\/v2\/pages\/1213\/revisions"}],"predecessor-version":[{"id":8956,"href":"https:\/\/memelgo.lt\/uk\/wp-json\/wp\/v2\/pages\/1213\/revisions\/8956"}],"wp:attachment":[{"href":"https:\/\/memelgo.lt\/uk\/wp-json\/wp\/v2\/media?parent=1213"}],"curies":[{"name":"wp","href":"https:\/\/api.w.org\/{rel}","templated":true}]}}