{"id":45,"date":"2023-10-17T09:01:04","date_gmt":"2023-10-17T09:01:04","guid":{"rendered":"https:\/\/memelgo.lt\/?page_id=45"},"modified":"2024-10-21T18:28:37","modified_gmt":"2024-10-21T15:28:37","slug":"taisykles-ir-salygos","status":"publish","type":"page","link":"https:\/\/memelgo.lt\/uk\/taisykles-ir-salygos\/","title":{"rendered":"\u0423\u043c\u043e\u0432\u0438 \u0442\u0430 \u043f\u043e\u043b\u043e\u0436\u0435\u043d\u043d\u044f"},"content":{"rendered":"<p><strong>\u0411\u0440\u043e\u043d\u044e\u0432\u0430\u043d\u043d\u044f \u0430\u0432\u0442\u043e\u043c\u043e\u0431\u0456\u043b\u044f<br \/>\n<\/strong>- \u0411\u0440\u043e\u043d\u044e\u0432\u0430\u043d\u043d\u044f \u043c\u043e\u0436\u043d\u0430 \u0437\u0440\u043e\u0431\u0438\u0442\u0438 \u0437\u0430\u0437\u0434\u0430\u043b\u0435\u0433\u0456\u0434\u044c, \u0437\u0434\u0456\u0439\u0441\u043d\u0438\u0432\u0448\u0438 \u043e\u043f\u043b\u0430\u0442\u0443 \u043d\u0430 \u043d\u0430\u0448\u043e\u043c\u0443 \u0441\u0430\u0439\u0442\u0456, \u043f\u043e \u0442\u0435\u043b\u0435\u0444\u043e\u043d\u0443 \u0430\u0431\u043e \u0435\u043b\u0435\u043a\u0442\u0440\u043e\u043d\u043d\u043e\u044e \u043f\u043e\u0448\u0442\u043e\u044e.<\/p>\n<hr \/>\n<p><strong>\u041d\u0435\u043e\u0431\u0445\u0456\u0434\u043d\u0456 \u0434\u043e\u043a\u0443\u043c\u0435\u043d\u0442\u0438<br \/>\n<\/strong>- \u041e\u0440\u0435\u043d\u0434\u0430\u0440 \u043f\u043e\u0432\u0438\u043d\u0435\u043d \u043c\u0430\u0442\u0438 \u0434\u0456\u0439\u0441\u043d\u0435 \u0432\u043e\u0434\u0456\u0439\u0441\u044c\u043a\u0435 \u043f\u043e\u0441\u0432\u0456\u0434\u0447\u0435\u043d\u043d\u044f \u0442\u0430 \u0434\u0456\u0439\u0441\u043d\u0435 \u043f\u043e\u0441\u0432\u0456\u0434\u0447\u0435\u043d\u043d\u044f \u043e\u0441\u043e\u0431\u0438 \u0430\u0431\u043e \u043f\u0430\u0441\u043f\u043e\u0440\u0442.<\/p>\n<hr \/>\n<p><strong>\u041f\u043b\u0430\u0442\u0435\u0436\u0456 \u0442\u0430 \u0440\u0435\u0437\u0435\u0440\u0432\u0438<br \/>\n<\/strong>- \u0417\u0430\u0441\u0442\u0430\u0432\u0430 \u0437\u0430 \u043d\u043e\u0432\u0438\u0439 \u0430\u0432\u0442\u043e\u043c\u043e\u0431\u0456\u043b\u044c \u0441\u0442\u0430\u043d\u043e\u0432\u0438\u0442\u044c \u0432\u0456\u0434 100 \u0434\u043e 400 \u0454\u0432\u0440\u043e \u0437\u0430\u043b\u0435\u0436\u043d\u043e \u0432\u0456\u0434 \u0437\u0430\u0433\u0430\u043b\u044c\u043d\u043e\u0457 \u0432\u0430\u0440\u0442\u043e\u0441\u0442\u0456 \u0430\u0432\u0442\u043e\u043c\u043e\u0431\u0456\u043b\u044f. \u041e\u0440\u0435\u043d\u0434\u0430 \u0430\u0432\u0442\u043e\u043c\u043e\u0431\u0456\u043b\u044f \u043e\u043f\u043b\u0430\u0447\u0443\u0454\u0442\u044c\u0441\u044f \u0431\u0430\u043d\u043a\u0456\u0432\u0441\u044c\u043a\u0438\u043c \u043f\u0435\u0440\u0435\u043a\u0430\u0437\u043e\u043c \u0434\u043e \u043e\u0442\u0440\u0438\u043c\u0430\u043d\u043d\u044f \u0430\u0432\u0442\u043e\u043c\u043e\u0431\u0456\u043b\u044f \u0430\u0431\u043e \u0433\u043e\u0442\u0456\u0432\u043a\u043e\u044e \u043f\u0440\u0438 \u043e\u0442\u0440\u0438\u043c\u0430\u043d\u043d\u0456.<\/p>\n<hr \/>\n<p><strong>\u0417\u0430\u0433\u0430\u043b\u044c\u043d\u0456 \u0432\u0438\u043c\u043e\u0433\u0438 \u0434\u043e \u0432\u043e\u0434\u0456\u0457\u0432<br \/>\n<\/strong>- \u041c\u0456\u043d\u0456\u043c\u0430\u043b\u044c\u043d\u0438\u0439 \u0441\u0442\u0430\u0436 \u0432\u043e\u0434\u0456\u043d\u043d\u044f - \u0434\u0432\u0430 \u0440\u043e\u043a\u0438.<\/p>\n<hr \/>\n<p><strong>\u0414\u043e\u0434\u0430\u0442\u043a\u043e\u0432\u0438\u0439 \u0434\u0440\u0430\u0439\u0432\u0435\u0440<\/strong><br \/>\n- \u041e\u0440\u0435\u043d\u0434\u043e\u0432\u0430\u043d\u0438\u043c \u0430\u0432\u0442\u043e\u043c\u043e\u0431\u0456\u043b\u0435\u043c \u043c\u043e\u0436\u0435 \u043a\u0435\u0440\u0443\u0432\u0430\u0442\u0438 \u0442\u0456\u043b\u044c\u043a\u0438 \u0432\u043e\u0434\u0456\u0439, \u0437\u0430\u0437\u043d\u0430\u0447\u0435\u043d\u0438\u0439 \u0443 \u0434\u043e\u043a\u0443\u043c\u0435\u043d\u0442\u0456 \u043f\u0440\u0438\u0439\u043c\u0430\u043d\u043d\u044f-\u043f\u0435\u0440\u0435\u0434\u0430\u0447\u0456. \u0417\u0430 \u0434\u0440\u0443\u0433\u043e\u0433\u043e \u0432\u043e\u0434\u0456\u044f \u0441\u0442\u044f\u0433\u0443\u0454\u0442\u044c\u0441\u044f \u0434\u043e\u0434\u0430\u0442\u043a\u043e\u0432\u0430 \u043f\u043b\u0430\u0442\u0430 \u0432 \u0440\u043e\u0437\u043c\u0456\u0440\u0456 3 \u0454\u0432\u0440\u043e \u043d\u0430 \u0434\u043e\u0431\u0443.<\/p>\n<hr \/>\n<p><strong>\u0421\u0442\u0440\u0430\u0445\u0443\u0432\u0430\u043d\u043d\u044f \u0430\u0432\u0442\u043e\u043c\u043e\u0431\u0456\u043b\u044f<br \/>\n<\/strong>- \u0412\u0441\u0456 \u0430\u0432\u0442\u043e\u043c\u043e\u0431\u0456\u043b\u0456 \u0437\u0430\u0441\u0442\u0440\u0430\u0445\u043e\u0432\u0430\u043d\u0456 \u041a\u0410\u0421\u041a\u041e \u0442\u0430 \u0446\u0438\u0432\u0456\u043b\u044c\u043d\u043e\u044e \u0432\u0456\u0434\u043f\u043e\u0432\u0456\u0434\u0430\u043b\u044c\u043d\u0456\u0441\u0442\u044e \u043f\u0435\u0440\u0435\u0434 \u0442\u0440\u0435\u0442\u0456\u043c\u0438 \u043e\u0441\u043e\u0431\u0430\u043c\u0438. \u0421\u0442\u0440\u0430\u0445\u0443\u0432\u0430\u043d\u043d\u044f \u041a\u0410\u0421\u041a\u041e \u0437 \u0444\u0440\u0430\u043d\u0448\u0438\u0437\u043e\u044e 500 \u0454\u0432\u0440\u043e \u043e\u0437\u043d\u0430\u0447\u0430\u0454, \u0449\u043e \u0432\u0430\u0448\u0430 \u043c\u0430\u043a\u0441\u0438\u043c\u0430\u043b\u044c\u043d\u0430 \u0432\u0456\u0434\u043f\u043e\u0432\u0456\u0434\u0430\u043b\u044c\u043d\u0456\u0441\u0442\u044c \u0443 \u0440\u0430\u0437\u0456 \u043f\u043e\u0448\u043a\u043e\u0434\u0436\u0435\u043d\u043d\u044f \u0430\u0432\u0442\u043e\u043c\u043e\u0431\u0456\u043b\u044f \u0437 \u0432\u0430\u0448\u043e\u0457 \u0432\u0438\u043d\u0438 \u0441\u0442\u0430\u043d\u043e\u0432\u0438\u0442\u044c \u0434\u043e 500 \u0454\u0432\u0440\u043e.<br \/>\n- \u041c\u043e\u0436\u043d\u0430 \u043e\u0444\u043e\u0440\u043c\u0438\u0442\u0438 \u0441\u0442\u0440\u0430\u0445\u043e\u0432\u043a\u0443 \u0437 \u0444\u0440\u0430\u043d\u0448\u0438\u0437\u043e\u044e 0 \u0454\u0432\u0440\u043e, \u0442\u043e\u0434\u0456 \u0432\u0430\u0440\u0442\u0456\u0441\u0442\u044c \u043f\u0440\u043e\u043a\u0430\u0442\u0443 \u043f\u0435\u0440\u0435\u0440\u0430\u0445\u043e\u0432\u0443\u0454\u0442\u044c\u0441\u044f. \u0423 \u0440\u0430\u0437\u0456 \u0431\u0443\u0434\u044c-\u044f\u043a\u043e\u0457 \u0430\u0432\u0430\u0440\u0456\u0457 \u0430\u0431\u043e \u043f\u043e\u0448\u043a\u043e\u0434\u0436\u0435\u043d\u043d\u044f \u0430\u0432\u0442\u043e\u043c\u043e\u0431\u0456\u043b\u044f, \u0432\u0438 \u043f\u043e\u0432\u0438\u043d\u043d\u0456 \u043f\u043e\u0432\u0456\u0434\u043e\u043c\u0438\u0442\u0438 \u043d\u0430\u0441 \u043f\u0440\u043e\u0442\u044f\u0433\u043e\u043c \u043e\u0434\u043d\u043e\u0433\u043e \u0434\u043d\u044f, \u0456\u043d\u0430\u043a\u0448\u0435 \u0441\u0442\u0440\u0430\u0445\u043e\u0432\u043a\u0430 \u0431\u0443\u0434\u0435 \u043d\u0435\u0434\u0456\u0439\u0441\u043d\u043e\u044e.<br \/>\n- \u042f\u043a\u0449\u043e \u0432\u0438 \u0437\u0430\u0433\u0443\u0431\u0438\u0442\u0435 \u043a\u043b\u044e\u0447\u0456 \u0432\u0456\u0434 \u0430\u0432\u0442\u043e\u043c\u043e\u0431\u0456\u043b\u044f \u0430\u0431\u043e \u0434\u043e\u043a\u0443\u043c\u0435\u043d\u0442\u0438 \u043d\u0430 \u043d\u044c\u043e\u0433\u043e, \u0432\u0438 \u0437\u0430\u043f\u043b\u0430\u0442\u0438\u0442\u0435 \u0448\u0442\u0440\u0430\u0444 \u0443 \u0440\u043e\u0437\u043c\u0456\u0440\u0456 200 \u0454\u0432\u0440\u043e. \u0414\u043e\u043a\u0443\u043c\u0435\u043d\u0442\u0438 \u0442\u0430 \u043a\u043b\u044e\u0447\u0456 \u0432\u0456\u0434 \u0430\u0432\u0442\u043e\u043c\u043e\u0431\u0456\u043b\u044f \u043d\u0435 \u0454 \u0437\u0430\u0441\u0442\u0440\u0430\u0445\u043e\u0432\u0430\u043d\u0438\u043c\u0438. \u0421\u0442\u0440\u0430\u0445\u043e\u0432\u043a\u0430 \u043d\u0435 \u0434\u0456\u0454, \u044f\u043a\u0449\u043e \u0432\u0438 \u0432\u0438\u043a\u043e\u0440\u0438\u0441\u0442\u043e\u0432\u0443\u0454\u0442\u0435 \u0430\u0432\u0442\u043e\u043c\u043e\u0431\u0456\u043b\u044c \u0432 \u0443\u043c\u043e\u0432\u0430\u0445 \u0431\u0435\u0437\u0434\u043e\u0440\u0456\u0436\u0436\u044f, \u043d\u0430 \u0441\u043f\u043e\u0440\u0442\u0438\u0432\u043d\u0438\u0445 \u0437\u043c\u0430\u0433\u0430\u043d\u043d\u044f\u0445, \u043d\u0430 \u0443\u0440\u043e\u043a\u0430\u0445 \u0432\u043e\u0434\u0456\u043d\u043d\u044f \u0456 \u0442.\u0434.<br \/>\n- \u042f\u043a\u0449\u043e \u0432\u0438 \u043e\u0431\u0438\u0440\u0430\u0454\u0442\u0435 \u0430\u0432\u0442\u043e\u043c\u043e\u0431\u0456\u043b\u044c \u0431\u0435\u0437 \u0441\u0442\u0440\u0430\u0445\u0443\u0432\u0430\u043d\u043d\u044f \u041a\u0410\u0421\u041a\u041e, \u0432\u0438 \u043d\u0435\u0441\u0435\u0442\u0435 \u0432\u0456\u0434\u043f\u043e\u0432\u0456\u0434\u0430\u043b\u044c\u043d\u0456\u0441\u0442\u044c \u0437\u0430 \u0432\u0441\u0456 \u0437\u0431\u0438\u0442\u043a\u0438 \u0432 \u0440\u0430\u0437\u0456 \u043f\u043e\u0448\u043a\u043e\u0434\u0436\u0435\u043d\u043d\u044f \u0432\u0430\u0448\u043e\u0433\u043e \u0430\u0432\u0442\u043e\u043c\u043e\u0431\u0456\u043b\u044f. \u0423 \u0432\u0438\u043f\u0430\u0434\u043a\u0443 \u043d\u0435\u043f\u043e\u043f\u0440\u0430\u0432\u043d\u0438\u0445 \u043f\u043e\u0448\u043a\u043e\u0434\u0436\u0435\u043d\u044c - 100% \u0432\u0456\u0434 \u043f\u043e\u0432\u043d\u043e\u0457 \u0441\u0435\u0440\u0435\u0434\u043d\u044c\u043e\u0440\u0438\u043d\u043a\u043e\u0432\u043e\u0457 \u0432\u0430\u0440\u0442\u043e\u0441\u0442\u0456 \u0430\u0432\u0442\u043e\u043c\u043e\u0431\u0456\u043b\u044f.<\/p>\n<hr \/>\n<p><strong>\u0412\u0456\u0434\u043f\u043e\u0432\u0456\u0434\u0430\u043b\u044c\u043d\u0456\u0441\u0442\u044c \u043e\u0440\u0435\u043d\u0434\u0430\u0440\u044f \u0432 \u0440\u0430\u0437\u0456 \u043a\u0440\u0430\u0434\u0456\u0436\u043a\u0438 \u0430\u0431\u043e \u043d\u0435\u0449\u0430\u0441\u043d\u043e\u0433\u043e \u0432\u0438\u043f\u0430\u0434\u043a\u0443<br \/>\n<\/strong>- \u0412\u0456\u0434\u043f\u043e\u0432\u0456\u0434\u0430\u043b\u044c\u043d\u0456\u0441\u0442\u044c \u043e\u0440\u0435\u043d\u0434\u0430\u0440\u044f \u0432 \u0440\u0430\u0437\u0456 \u0414\u0422\u041f (\u0437 \u0432\u0438\u043d\u0438 \u043e\u0440\u0435\u043d\u0434\u0430\u0440\u044f) \u0430\u0431\u043e \u0432\u0438\u043a\u0440\u0430\u0434\u0435\u043d\u043d\u044f \u0430\u0432\u0442\u043e\u043c\u043e\u0431\u0456\u043b\u044f \u0441\u0442\u0430\u043d\u043e\u0432\u0438\u0442\u044c 500 \u0454\u0432\u0440\u043e (\u044f\u043a\u0449\u043e \u043d\u0435 \u043e\u0444\u043e\u0440\u043c\u043b\u0435\u043d\u0430 \u0434\u043e\u0434\u0430\u0442\u043a\u043e\u0432\u0430 \u0441\u0442\u0440\u0430\u0445\u043e\u0432\u043a\u0430). \u0423 \u0440\u0430\u0437\u0456 \u0432\u0438\u043a\u0440\u0430\u0434\u0435\u043d\u043d\u044f \u0430\u0432\u0442\u043e\u043c\u043e\u0431\u0456\u043b\u044f, \u043e\u0440\u0435\u043d\u0434\u0430\u0440 \u043f\u043e\u0432\u0438\u043d\u0435\u043d \u043e\u0431\u043e\u0432'\u044f\u0437\u043a\u043e\u0432\u043e \u043f\u043e\u0432\u0435\u0440\u043d\u0443\u0442\u0438 \u043a\u043b\u044e\u0447\u0456 \u0442\u0430 \u0434\u043e\u043a\u0443\u043c\u0435\u043d\u0442\u0438 \u0432\u0456\u0434 \u043e\u0440\u0435\u043d\u0434\u043e\u0432\u0430\u043d\u043e\u0433\u043e \u0430\u0432\u0442\u043e\u043c\u043e\u0431\u0456\u043b\u044f.<\/p>\n<hr \/>\n<p><strong>\u041f\u0440\u043e\u0431\u0456\u0433 \u0442\u0430 \u043a\u0440\u0430\u0457\u043d\u0438, \u0434\u043e \u044f\u043a\u0438\u0445 \u043c\u043e\u0436\u043d\u0430 \u0434\u0456\u0441\u0442\u0430\u0442\u0438\u0441\u044f \u0430\u0432\u0442\u043e\u043c\u043e\u0431\u0456\u043b\u0435\u043c<br \/>\n<\/strong>- \u041f\u0440\u0438 \u043e\u0440\u0435\u043d\u0434\u0456 \u0430\u0432\u0442\u043e\u043c\u043e\u0431\u0456\u043b\u044f \u0432 \u041b\u0438\u0442\u0432\u0456 \u043f\u0440\u043e\u0431\u0456\u0433 \u043d\u0435 \u043e\u0431\u043c\u0435\u0436\u0443\u0454\u0442\u044c\u0441\u044f \u043f\u043e\u0441\u043b\u0443\u0433\u043e\u044e \u0441\u0442\u0440\u0430\u0445\u0443\u0432\u0430\u043d\u043d\u044f \u041a\u0410\u0421\u041a\u041e. \u0411\u0435\u0437 \u0441\u0442\u0440\u0430\u0445\u0443\u0432\u0430\u043d\u043d\u044f \u041a\u0410\u0421\u041a\u041e \u043f\u0440\u043e\u0431\u0456\u0433 \u043e\u0431\u043c\u0435\u0436\u0435\u043d\u0438\u0439 \u0434\u043e 200 \u043a\u043c\/\u0434\u0435\u043d\u044c. \u0417\u0430 \u043c\u0435\u0436\u0430\u043c\u0438 \u041b\u0438\u0442\u0432\u0438 \u0432\u0438 \u043c\u043e\u0436\u0435\u0442\u0435 \u0457\u0437\u0434\u0438\u0442\u0438 \u0442\u0456\u043b\u044c\u043a\u0438 \u0432 \u0442\u043e\u043c\u0443 \u0432\u0438\u043f\u0430\u0434\u043a\u0443, \u044f\u043a\u0449\u043e \u0432\u0438 \u043e\u0440\u0435\u043d\u0434\u0443\u0432\u0430\u043b\u0438 \u0430\u0432\u0442\u043e\u043c\u043e\u0431\u0456\u043b\u044c \u0437\u0456 \u0441\u0442\u0440\u0430\u0445\u043e\u0432\u043a\u043e\u044e \u041a\u0410\u0421\u041a\u041e.<\/p>\n<hr \/>\n<p><strong>\u0422\u0435\u0445\u043d\u0456\u0447\u043d\u0430 \u043f\u0456\u0434\u0442\u0440\u0438\u043c\u043a\u0430<br \/>\n<\/strong>- \u0410\u0432\u0442\u043e\u043c\u043e\u0431\u0456\u043b\u0456 \u043f\u043e\u043a\u0440\u0438\u0432\u0430\u044e\u0442\u044c\u0441\u044f \u0431\u0435\u0437\u043a\u043e\u0448\u0442\u043e\u0432\u043d\u043e\u044e \u0446\u0456\u043b\u043e\u0434\u043e\u0431\u043e\u0432\u043e\u044e \u0434\u043e\u043f\u043e\u043c\u043e\u0433\u043e\u044e \u043d\u0430 \u0434\u043e\u0440\u043e\u0433\u0430\u0445 \u043f\u043e \u0432\u0441\u0456\u0439 \u0404\u0432\u0440\u043e\u043f\u0456.<\/p>\n<hr \/>\n<p><strong>\u041f\u0430\u043b\u0438\u0432\u043e<br \/>\n<\/strong>- \u0410\u0432\u0442\u043e\u043c\u043e\u0431\u0456\u043b\u0456 \u0437\u0434\u0430\u044e\u0442\u044c\u0441\u044f \u0432 \u043e\u0440\u0435\u043d\u0434\u0443 \u0437 \u043f\u043e\u0432\u043d\u0438\u043c \u0431\u0430\u043a\u043e\u043c \u043f\u0430\u043b\u044c\u043d\u043e\u0433\u043e. \u042f\u043a\u0449\u043e \u0430\u0432\u0442\u043e\u043c\u043e\u0431\u0456\u043b\u044c \u043f\u043e\u0432\u0435\u0440\u0442\u0430\u0454\u0442\u044c\u0441\u044f \u0437 \u043d\u0435\u043f\u043e\u0432\u043d\u0438\u043c \u0431\u0430\u043a\u043e\u043c \u043f\u0430\u043b\u044c\u043d\u043e\u0433\u043e, \u041d\u0430\u0439\u043c\u0430\u0447 \u043e\u043f\u043b\u0430\u0447\u0443\u0454 \u0432\u0456\u0434\u0441\u0443\u0442\u043d\u044e \u043a\u0456\u043b\u044c\u043a\u0456\u0441\u0442\u044c \u043f\u0430\u043b\u044c\u043d\u043e\u0433\u043e \u0437\u0430 \u0442\u0430\u0440\u0438\u0444\u043e\u043c, \u0437\u0430\u0437\u043d\u0430\u0447\u0435\u043d\u0438\u043c \u0443 \u0434\u043e\u0433\u043e\u0432\u043e\u0440\u0456.<\/p>\n<hr \/>\n<p><strong>\u042f\u043a\u0449\u043e \u0432\u0438 \u0437\u0430\u0431\u0440\u043e\u043d\u044e\u0432\u0430\u043b\u0438 \u0430\u0432\u0442\u043e\u043c\u043e\u0431\u0456\u043b\u044c, \u0430\u043b\u0435 \u043d\u0435 \u0437'\u044f\u0432\u0438\u043b\u0438\u0441\u044f \u0437\u0430 \u043d\u0438\u043c<br \/>\n<\/strong>- \u042f\u043a\u0449\u043e \u043a\u043b\u0456\u0454\u043d\u0442 \u043d\u0435 \u0437'\u044f\u0432\u043b\u044f\u0454\u0442\u044c\u0441\u044f \u0437\u0430 \u0430\u0432\u0442\u043e\u043c\u043e\u0431\u0456\u043b\u0435\u043c \u043f\u0456\u0441\u043b\u044f \u0441\u043f\u043b\u0430\u0442\u0438 \u0432\u0430\u0440\u0442\u043e\u0441\u0442\u0456 \u0431\u0440\u043e\u043d\u044e\u0432\u0430\u043d\u043d\u044f (\u0437\u0430\u0441\u0442\u0430\u0432\u0438) \u0430\u0431\u043e \u0441\u043a\u0430\u0441\u043e\u0432\u0443\u0454 \u0431\u0440\u043e\u043d\u044e\u0432\u0430\u043d\u043d\u044f, \u0433\u0440\u043e\u0448\u0456 \u043d\u0435 \u043f\u043e\u0432\u0435\u0440\u0442\u0430\u044e\u0442\u044c\u0441\u044f.<\/p>\n<hr \/>\n<p><strong>\u041f\u043e\u0432\u0435\u0440\u043d\u0435\u043d\u043d\u044f \u0430\u0432\u0442\u043e\u043c\u043e\u0431\u0456\u043b\u044f<br \/>\n<\/strong>- \u0417\u0430 \u043f\u0456\u0437\u043d\u0454 \u043f\u043e\u0432\u0435\u0440\u043d\u0435\u043d\u043d\u044f \u0431\u0435\u0437 \u043f\u043e\u043f\u0435\u0440\u0435\u0434\u043d\u044c\u043e\u0457 \u0434\u043e\u043c\u043e\u0432\u043b\u0435\u043d\u043e\u0441\u0442\u0456 \u0441\u0442\u044f\u0433\u0443\u0454\u0442\u044c\u0441\u044f \u0448\u0442\u0440\u0430\u0444 \u0443 \u0440\u043e\u0437\u043c\u0456\u0440\u0456 10 \u0454\u0432\u0440\u043e \u0437\u0430 \u0433\u043e\u0434\u0438\u043d\u0443. \u0417\u0430 \u0437\u0430\u0442\u0440\u0438\u043c\u043a\u0443 \u043f\u043e\u043d\u0430\u0434 3 \u0433\u043e\u0434\u0438\u043d\u0438 \u0441\u0442\u044f\u0433\u0443\u0454\u0442\u044c\u0441\u044f \u0434\u043e\u0434\u0430\u0442\u043a\u043e\u0432\u0430 \u0434\u043e\u0431\u043e\u0432\u0430 \u043f\u043b\u0430\u0442\u0430.<br \/>\n- \u0426\u0456 \u043f\u043e\u0441\u043b\u0443\u0433\u0438 \u043c\u043e\u0436\u0443\u0442\u044c \u043d\u0430\u0434\u0430\u0432\u0430\u0442\u0438\u0441\u044f \u0432 \u043d\u0435\u0440\u043e\u0431\u043e\u0447\u0438\u0439 \u0447\u0430\u0441 \u0437\u0430 \u0434\u043e\u043c\u043e\u0432\u043b\u0435\u043d\u0456\u0441\u0442\u044e:<br \/>\n- \u0417\u0430\u0431\u0440\u0430\u0442\u0438 \u0430\u0431\u043e \u043f\u043e\u0432\u0435\u0440\u043d\u0443\u0442\u0438 \u0430\u0432\u0442\u043e\u043c\u043e\u0431\u0456\u043b\u044c \u0443 \u043d\u0435\u0440\u043e\u0431\u043e\u0447\u0438\u0439 \u0447\u0430\u0441. \u0417\u0430 \u0434\u043e\u0434\u0430\u0442\u043a\u043e\u0432\u0443 \u043f\u043b\u0430\u0442\u0443.<\/p>\n<hr \/>\n<p><strong>\u041d\u0435\u043f\u0435\u0440\u0435\u0434\u0431\u0430\u0447\u0443\u0432\u0430\u043d\u0456 \u043e\u0431\u0441\u0442\u0430\u0432\u0438\u043d\u0438<br \/>\n<\/strong>- \u0423 \u0440\u0430\u0437\u0456 \u043d\u0435\u043f\u0435\u0440\u0435\u0434\u0431\u0430\u0447\u0443\u0432\u0430\u043d\u0438\u0445 \u043e\u0431\u0441\u0442\u0430\u0432\u0438\u043d \u043c\u0438 \u0437\u0430\u043b\u0438\u0448\u0430\u0454\u043c\u043e \u0437\u0430 \u0441\u043e\u0431\u043e\u044e \u043f\u0440\u0430\u0432\u043e \u0441\u043a\u0430\u0441\u0443\u0432\u0430\u0442\u0438 \u0431\u0440\u043e\u043d\u044e\u0432\u0430\u043d\u043d\u044f (\u0447\u0435\u0440\u0435\u0437 \u0442\u0435\u0445\u043d\u0456\u0447\u043d\u0443 \u043d\u0435\u0441\u043f\u0440\u0430\u0432\u043d\u0456\u0441\u0442\u044c \u0430\u0431\u043e \u043d\u0435\u0449\u0430\u0441\u043d\u0438\u0439 \u0432\u0438\u043f\u0430\u0434\u043e\u043a), \u0437\u0430\u0437\u0434\u0430\u043b\u0435\u0433\u0456\u0434\u044c \u043f\u043e\u0432\u0456\u0434\u043e\u043c\u0438\u0432\u0448\u0438 \u043f\u0440\u043e \u0446\u0435 \u043a\u043b\u0456\u0454\u043d\u0442\u0430.<\/p>","protected":false},"excerpt":{"rendered":"<p>Automobilio rezervavimas &#8211; Rezervuoti automobil\u012f galima i\u0161 anksto, atlikus mok\u0117jim\u0105 m\u016bs\u0173 interneto svetain\u0117je, telefonu, arba el. pa\u0161tu. Reikalingi dokumentai &#8211; Nuomininkas privalo tur\u0117ti galiojant\u012f vairuotojo pa\u017eym\u0117jim\u0105 ir galiojan\u010di\u0105 asmens tapatyb\u0117s kortel\u0119 arba galiojant\u012f pas\u0105. Apmok\u0117jimas ir rezervai &#8211; U\u017estatas pasiimant nauj\u0105 automobil\u012f varijuoja nuo 100 iki 400 eur priklausomai nuo automobilio bendros vert\u0117s. U\u017e automobilio [&hellip;]<\/p>\n","protected":false},"author":1,"featured_media":0,"parent":0,"menu_order":0,"comment_status":"closed","ping_status":"closed","template":"","meta":{"_monsterinsights_skip_tracking":false,"_monsterinsights_sitenote_active":false,"_monsterinsights_sitenote_note":"","_monsterinsights_sitenote_category":0,"_uf_show_specific_survey":0,"_uf_disable_surveys":false,"footnotes":""},"class_list":["post-45","page","type-page","status-publish","hentry"],"aioseo_notices":[],"_links":{"self":[{"href":"https:\/\/memelgo.lt\/uk\/wp-json\/wp\/v2\/pages\/45","targetHints":{"allow":["GET"]}}],"collection":[{"href":"https:\/\/memelgo.lt\/uk\/wp-json\/wp\/v2\/pages"}],"about":[{"href":"https:\/\/memelgo.lt\/uk\/wp-json\/wp\/v2\/types\/page"}],"author":[{"embeddable":true,"href":"https:\/\/memelgo.lt\/uk\/wp-json\/wp\/v2\/users\/1"}],"replies":[{"embeddable":true,"href":"https:\/\/memelgo.lt\/uk\/wp-json\/wp\/v2\/comments?post=45"}],"version-history":[{"count":16,"href":"https:\/\/memelgo.lt\/uk\/wp-json\/wp\/v2\/pages\/45\/revisions"}],"predecessor-version":[{"id":8350,"href":"https:\/\/memelgo.lt\/uk\/wp-json\/wp\/v2\/pages\/45\/revisions\/8350"}],"wp:attachment":[{"href":"https:\/\/memelgo.lt\/uk\/wp-json\/wp\/v2\/media?parent=45"}],"curies":[{"name":"wp","href":"https:\/\/api.w.org\/{rel}","templated":true}]}}